{"id":7097,"date":"2022-05-20T13:53:39","date_gmt":"2022-05-20T10:53:39","guid":{"rendered":"https:\/\/darc.ai\/?page_id=7097"},"modified":"2022-05-26T13:35:22","modified_gmt":"2022-05-26T10:35:22","slug":"thankyou","status":"publish","type":"page","link":"https:\/\/darc.ai\/es\/gracias\/","title":{"rendered":"Gracias por su inter\u00e9s..."},"content":{"rendered":"<div data-elementor-type=\"wp-page\" data-elementor-id=\"7097\" class=\"elementor elementor-7097\" data-elementor-post-type=\"page\">\n\t\t\t\t\t\t<section class=\"elementor-section elementor-top-section elementor-element elementor-element-483aa2f elementor-section-boxed elementor-section-height-default elementor-section-height-default\" data-id=\"483aa2f\" data-element_type=\"section\" data-e-type=\"section\">\n\t\t\t\t\t\t<div class=\"elementor-container elementor-column-gap-default\">\n\t\t\t\t\t<div class=\"elementor-column elementor-col-100 elementor-top-column elementor-element elementor-element-6b046a6\" data-id=\"6b046a6\" data-element_type=\"column\" data-e-type=\"column\">\n\t\t\t<div class=\"elementor-widget-wrap elementor-element-populated\">\n\t\t\t\t\t\t<div class=\"elementor-element elementor-element-b2bf662 elementor-widget elementor-widget-heading\" data-id=\"b2bf662\" data-element_type=\"widget\" data-e-type=\"widget\" data-widget_type=\"heading.default\">\n\t\t\t\t<div class=\"elementor-widget-container\">\n\t\t\t\t\t<h2 class=\"elementor-heading-title elementor-size-default\">Gracias por su inter\u00e9s  <br>usted por la <span style=\"color:#619378\">DARC<\/span><\/h2>\t\t\t\t<\/div>\n\t\t\t\t<\/div>\n\t\t\t\t<div class=\"elementor-element elementor-element-eb4af66 elementor-widget-divider--view-line elementor-widget elementor-widget-divider\" data-id=\"eb4af66\" data-element_type=\"widget\" data-e-type=\"widget\" data-widget_type=\"divider.default\">\n\t\t\t\t<div class=\"elementor-widget-container\">\n\t\t\t\t\t\t\t<div class=\"elementor-divider\">\n\t\t\t<span class=\"elementor-divider-separator\">\n\t\t\t\t\t\t<\/span>\n\t\t<\/div>\n\t\t\t\t\t\t<\/div>\n\t\t\t\t<\/div>\n\t\t\t\t<div class=\"elementor-element elementor-element-7d0e8b0 elementor-widget elementor-widget-text-editor\" data-id=\"7d0e8b0\" data-element_type=\"widget\" data-e-type=\"widget\" data-widget_type=\"text-editor.default\">\n\t\t\t\t<div class=\"elementor-widget-container\">\n\t\t\t\t\t\t\t\t\t<p>Hemos recibido su solicitud y un representante se pondr\u00e1 en contacto con usted en breve.<\/p><p>Atentamente,<\/p><p>El equipo de <strong>DARC<\/strong><\/p>\t\t\t\t\t\t\t\t<\/div>\n\t\t\t\t<\/div>\n\t\t\t\t<div class=\"elementor-element elementor-element-d769f7b elementor-widget elementor-widget-button\" data-id=\"d769f7b\" data-element_type=\"widget\" data-e-type=\"widget\" data-widget_type=\"button.default\">\n\t\t\t\t<div class=\"elementor-widget-container\">\n\t\t\t\t\t\t\t\t\t<div class=\"elementor-button-wrapper\">\n\t\t\t\t\t<a class=\"elementor-button elementor-button-link elementor-size-sm\" href=\"https:\/\/darc.ai\/es\/darcity-2\/\">\n\t\t\t\t\t\t<span class=\"elementor-button-content-wrapper\">\n\t\t\t\t\t\t\t\t\t<span class=\"elementor-button-text\">Volver a DARCity<\/span>\n\t\t\t\t\t<\/span>\n\t\t\t\t\t<\/a>\n\t\t\t\t<\/div>\n\t\t\t\t\t\t\t\t<\/div>\n\t\t\t\t<\/div>\n\t\t\t\t<div class=\"elementor-element elementor-element-3303235 elementor-widget-divider--view-line elementor-widget elementor-widget-divider\" data-id=\"3303235\" data-element_type=\"widget\" data-e-type=\"widget\" data-widget_type=\"divider.default\">\n\t\t\t\t<div class=\"elementor-widget-container\">\n\t\t\t\t\t\t\t<div class=\"elementor-divider\">\n\t\t\t<span class=\"elementor-divider-separator\">\n\t\t\t\t\t\t<\/span>\n\t\t<\/div>\n\t\t\t\t\t\t<\/div>\n\t\t\t\t<\/div>\n\t\t\t\t\t<\/div>\n\t\t<\/div>\n\t\t\t\t\t<\/div>\n\t\t<\/section>\n\t\t\t\t<\/div>","protected":false},"excerpt":{"rendered":"<p>\u03a3\u03b1\u03c2 \u03b5\u03c5\u03c7\u03b1\u03c1\u03b9\u03c3\u03c4\u03bf\u03cd\u03bc\u03b5 \u03b3\u03b9\u03b1 \u03c4\u03bf \u03b5\u03bd\u03b4\u03b9\u03b1\u03c6\u03ad\u03c1\u03bf\u03bd \u03c3\u03b1\u03c2 \u03b3\u03b9\u03b1 \u03c4\u03b7 DARC \u039b\u03ac\u03b2\u03b1\u03bc\u03b5 \u03c4\u03bf \u03b1\u03af\u03c4\u03b7\u03bc\u03ac \u03c3\u03b1\u03c2 \u03ba\u03b1\u03b9 \u03c3\u03cd\u03bd\u03c4\u03bf\u03bc\u03b1 \u03ad\u03bd\u03b1\u03c2 \u03b5\u03ba\u03c0\u03c1\u03cc\u03c3\u03c9\u03c0\u03cc\u03c2 \u03bc\u03b1\u03c2 \u03b8\u03b1 \u03b5\u03c0\u03b9\u03ba\u03bf\u03b9\u03bd\u03c9\u03bd\u03ae\u03c3\u03b5\u03b9 \u03bc\u03b1\u03b6\u03af \u03c3\u03b1\u03c2 \u039c\u03b5 \u03b5\u03ba\u03c4\u03af\u03bc\u03b7\u03c3\u03b7, \u0397 \u03bf\u03bc\u03ac\u03b4\u03b1 \u03c4\u03b7\u03c2 DARC \u0395\u03c0\u03b9\u03c3\u03c4\u03c1\u03bf\u03c6\u03ae \u03c3\u03c4\u03b7 DARCity<\/p>","protected":false},"author":10,"featured_media":0,"parent":0,"menu_order":0,"comment_status":"closed","ping_status":"closed","template":"elementor_header_footer","meta":{"_acf_changed":false,"footnotes":""},"class_list":["post-7097","page","type-page","status-publish","hentry"],"acf":[],"yoast_head":"<!-- This site is optimized with the Yoast SEO plugin v27.5 - https:\/\/yoast.com\/product\/yoast-seo-wordpress\/ -->\n<title>\u03a3\u03b1\u03c2 \u03b5\u03c5\u03c7\u03b1\u03c1\u03b9\u03c3\u03c4\u03bf\u03cd\u03bc\u03b5 \u03b3\u03b9\u03b1 \u03c4\u03bf \u03b5\u03bd\u03b4\u03b9\u03b1\u03c6\u03ad\u03c1\u03bf\u03bd \u03c3\u03b1\u03c2... - DARC<\/title>\n<meta name=\"description\" content=\"\u03a3\u03b1\u03c2 \u03b5\u03c5\u03c7\u03b1\u03c1\u03b9\u03c3\u03c4\u03bf\u03cd\u03bc\u03b5 \u03b3\u03b9\u03b1 \u03c4\u03bf \u03b5\u03bd\u03b4\u03b9\u03b1\u03c6\u03ad\u03c1\u03bf\u03bd \u03c3\u03b1\u03c2 \u03b3\u03b9\u03b1 \u03c4\u03b7\u03bd DARC. \u03a3\u03cd\u03bd\u03c4\u03bf\u03bc\u03b1 \u03ad\u03bd\u03b1\u03c2 \u03b5\u03ba\u03c0\u03c1\u03cc\u03c3\u03c9\u03c0\u03cc\u03c2 \u03bc\u03b1\u03c2 \u03b8\u03b1 \u03b5\u03c0\u03b9\u03ba\u03bf\u03b9\u03bd\u03c9\u03bd\u03ae\u03c3\u03b5\u03b9 \u03bc\u03b1\u03b6\u03af \u03c3\u03b1\u03c2.\" \/>\n<meta name=\"robots\" content=\"index, follow, max-snippet:-1, max-image-preview:large, max-video-preview:-1\" \/>\n<link rel=\"canonical\" href=\"https:\/\/darc.ai\/es\/gracias\/\" \/>\n<meta property=\"og:locale\" content=\"es_ES\" \/>\n<meta property=\"og:type\" content=\"article\" \/>\n<meta property=\"og:title\" content=\"\u03a3\u03b1\u03c2 \u03b5\u03c5\u03c7\u03b1\u03c1\u03b9\u03c3\u03c4\u03bf\u03cd\u03bc\u03b5 \u03b3\u03b9\u03b1 \u03c4\u03bf \u03b5\u03bd\u03b4\u03b9\u03b1\u03c6\u03ad\u03c1\u03bf\u03bd \u03c3\u03b1\u03c2... - DARC\" \/>\n<meta property=\"og:description\" content=\"\u03a3\u03b1\u03c2 \u03b5\u03c5\u03c7\u03b1\u03c1\u03b9\u03c3\u03c4\u03bf\u03cd\u03bc\u03b5 \u03b3\u03b9\u03b1 \u03c4\u03bf \u03b5\u03bd\u03b4\u03b9\u03b1\u03c6\u03ad\u03c1\u03bf\u03bd \u03c3\u03b1\u03c2 \u03b3\u03b9\u03b1 \u03c4\u03b7\u03bd DARC. \u03a3\u03cd\u03bd\u03c4\u03bf\u03bc\u03b1 \u03ad\u03bd\u03b1\u03c2 \u03b5\u03ba\u03c0\u03c1\u03cc\u03c3\u03c9\u03c0\u03cc\u03c2 \u03bc\u03b1\u03c2 \u03b8\u03b1 \u03b5\u03c0\u03b9\u03ba\u03bf\u03b9\u03bd\u03c9\u03bd\u03ae\u03c3\u03b5\u03b9 \u03bc\u03b1\u03b6\u03af \u03c3\u03b1\u03c2.\" \/>\n<meta property=\"og:url\" content=\"https:\/\/darc.ai\/es\/gracias\/\" \/>\n<meta property=\"og:site_name\" content=\"DARC\" \/>\n<meta property=\"article:modified_time\" content=\"2022-05-26T10:35:22+00:00\" \/>\n<meta name=\"twitter:card\" content=\"summary_large_image\" \/>\n<meta name=\"twitter:label1\" content=\"Tiempo de lectura\" \/>\n\t<meta name=\"twitter:data1\" content=\"1 minuto\" \/>\n<script type=\"application\/ld+json\" class=\"yoast-schema-graph\">{\"@context\":\"https:\\\/\\\/schema.org\",\"@graph\":[{\"@type\":\"WebPage\",\"@id\":\"https:\\\/\\\/darc.ai\\\/thankyou\\\/\",\"url\":\"https:\\\/\\\/darc.ai\\\/thankyou\\\/\",\"name\":\"\u03a3\u03b1\u03c2 \u03b5\u03c5\u03c7\u03b1\u03c1\u03b9\u03c3\u03c4\u03bf\u03cd\u03bc\u03b5 \u03b3\u03b9\u03b1 \u03c4\u03bf \u03b5\u03bd\u03b4\u03b9\u03b1\u03c6\u03ad\u03c1\u03bf\u03bd \u03c3\u03b1\u03c2... - DARC\",\"isPartOf\":{\"@id\":\"https:\\\/\\\/darc.ai\\\/#website\"},\"datePublished\":\"2022-05-20T10:53:39+00:00\",\"dateModified\":\"2022-05-26T10:35:22+00:00\",\"description\":\"\u03a3\u03b1\u03c2 \u03b5\u03c5\u03c7\u03b1\u03c1\u03b9\u03c3\u03c4\u03bf\u03cd\u03bc\u03b5 \u03b3\u03b9\u03b1 \u03c4\u03bf \u03b5\u03bd\u03b4\u03b9\u03b1\u03c6\u03ad\u03c1\u03bf\u03bd \u03c3\u03b1\u03c2 \u03b3\u03b9\u03b1 \u03c4\u03b7\u03bd DARC. \u03a3\u03cd\u03bd\u03c4\u03bf\u03bc\u03b1 \u03ad\u03bd\u03b1\u03c2 \u03b5\u03ba\u03c0\u03c1\u03cc\u03c3\u03c9\u03c0\u03cc\u03c2 \u03bc\u03b1\u03c2 \u03b8\u03b1 \u03b5\u03c0\u03b9\u03ba\u03bf\u03b9\u03bd\u03c9\u03bd\u03ae\u03c3\u03b5\u03b9 \u03bc\u03b1\u03b6\u03af \u03c3\u03b1\u03c2.\",\"breadcrumb\":{\"@id\":\"https:\\\/\\\/darc.ai\\\/thankyou\\\/#breadcrumb\"},\"inLanguage\":\"es\",\"potentialAction\":[{\"@type\":\"ReadAction\",\"target\":[\"https:\\\/\\\/darc.ai\\\/thankyou\\\/\"]}]},{\"@type\":\"BreadcrumbList\",\"@id\":\"https:\\\/\\\/darc.ai\\\/thankyou\\\/#breadcrumb\",\"itemListElement\":[{\"@type\":\"ListItem\",\"position\":1,\"name\":\"Home\",\"item\":\"https:\\\/\\\/darc.ai\\\/\"},{\"@type\":\"ListItem\",\"position\":2,\"name\":\"\u03a3\u03b1\u03c2 \u03b5\u03c5\u03c7\u03b1\u03c1\u03b9\u03c3\u03c4\u03bf\u03cd\u03bc\u03b5 \u03b3\u03b9\u03b1 \u03c4\u03bf \u03b5\u03bd\u03b4\u03b9\u03b1\u03c6\u03ad\u03c1\u03bf\u03bd \u03c3\u03b1\u03c2&#8230;\"}]},{\"@type\":\"WebSite\",\"@id\":\"https:\\\/\\\/darc.ai\\\/#website\",\"url\":\"https:\\\/\\\/darc.ai\\\/\",\"name\":\"DARC\",\"description\":\"\",\"potentialAction\":[{\"@type\":\"SearchAction\",\"target\":{\"@type\":\"EntryPoint\",\"urlTemplate\":\"https:\\\/\\\/darc.ai\\\/?s={search_term_string}\"},\"query-input\":{\"@type\":\"PropertyValueSpecification\",\"valueRequired\":true,\"valueName\":\"search_term_string\"}}],\"inLanguage\":\"es\"}]}<\/script>\n<!-- \/ Yoast SEO plugin. -->","yoast_head_json":{"title":"Gracias por su inter\u00e9s... - DARC","description":"Gracias por su inter\u00e9s en DARC. Un representante se pondr\u00e1 en contacto con usted en breve.","robots":{"index":"index","follow":"follow","max-snippet":"max-snippet:-1","max-image-preview":"max-image-preview:large","max-video-preview":"max-video-preview:-1"},"canonical":"https:\/\/darc.ai\/es\/gracias\/","og_locale":"es_ES","og_type":"article","og_title":"\u03a3\u03b1\u03c2 \u03b5\u03c5\u03c7\u03b1\u03c1\u03b9\u03c3\u03c4\u03bf\u03cd\u03bc\u03b5 \u03b3\u03b9\u03b1 \u03c4\u03bf \u03b5\u03bd\u03b4\u03b9\u03b1\u03c6\u03ad\u03c1\u03bf\u03bd \u03c3\u03b1\u03c2... - DARC","og_description":"\u03a3\u03b1\u03c2 \u03b5\u03c5\u03c7\u03b1\u03c1\u03b9\u03c3\u03c4\u03bf\u03cd\u03bc\u03b5 \u03b3\u03b9\u03b1 \u03c4\u03bf \u03b5\u03bd\u03b4\u03b9\u03b1\u03c6\u03ad\u03c1\u03bf\u03bd \u03c3\u03b1\u03c2 \u03b3\u03b9\u03b1 \u03c4\u03b7\u03bd DARC. \u03a3\u03cd\u03bd\u03c4\u03bf\u03bc\u03b1 \u03ad\u03bd\u03b1\u03c2 \u03b5\u03ba\u03c0\u03c1\u03cc\u03c3\u03c9\u03c0\u03cc\u03c2 \u03bc\u03b1\u03c2 \u03b8\u03b1 \u03b5\u03c0\u03b9\u03ba\u03bf\u03b9\u03bd\u03c9\u03bd\u03ae\u03c3\u03b5\u03b9 \u03bc\u03b1\u03b6\u03af \u03c3\u03b1\u03c2.","og_url":"https:\/\/darc.ai\/es\/gracias\/","og_site_name":"DARC","article_modified_time":"2022-05-26T10:35:22+00:00","twitter_card":"summary_large_image","twitter_misc":{"Tiempo de lectura":"1 minuto"},"schema":{"@context":"https:\/\/schema.org","@graph":[{"@type":"WebPage","@id":"https:\/\/darc.ai\/thankyou\/","url":"https:\/\/darc.ai\/thankyou\/","name":"Gracias por su inter\u00e9s... - DARC","isPartOf":{"@id":"https:\/\/darc.ai\/#website"},"datePublished":"2022-05-20T10:53:39+00:00","dateModified":"2022-05-26T10:35:22+00:00","description":"Gracias por su inter\u00e9s en DARC. Un representante se pondr\u00e1 en contacto con usted en breve.","breadcrumb":{"@id":"https:\/\/darc.ai\/thankyou\/#breadcrumb"},"inLanguage":"es","potentialAction":[{"@type":"ReadAction","target":["https:\/\/darc.ai\/thankyou\/"]}]},{"@type":"BreadcrumbList","@id":"https:\/\/darc.ai\/thankyou\/#breadcrumb","itemListElement":[{"@type":"ListItem","position":1,"name":"Home","item":"https:\/\/darc.ai\/"},{"@type":"ListItem","position":2,"name":"\u03a3\u03b1\u03c2 \u03b5\u03c5\u03c7\u03b1\u03c1\u03b9\u03c3\u03c4\u03bf\u03cd\u03bc\u03b5 \u03b3\u03b9\u03b1 \u03c4\u03bf \u03b5\u03bd\u03b4\u03b9\u03b1\u03c6\u03ad\u03c1\u03bf\u03bd \u03c3\u03b1\u03c2&#8230;"}]},{"@type":"WebSite","@id":"https:\/\/darc.ai\/#website","url":"https:\/\/darc.ai\/","name":"DARC","description":"","potentialAction":[{"@type":"SearchAction","target":{"@type":"EntryPoint","urlTemplate":"https:\/\/darc.ai\/?s={search_term_string}"},"query-input":{"@type":"PropertyValueSpecification","valueRequired":true,"valueName":"search_term_string"}}],"inLanguage":"es"}]}},"_links":{"self":[{"href":"https:\/\/darc.ai\/es\/wp-json\/wp\/v2\/pages\/7097","targetHints":{"allow":["GET"]}}],"collection":[{"href":"https:\/\/darc.ai\/es\/wp-json\/wp\/v2\/pages"}],"about":[{"href":"https:\/\/darc.ai\/es\/wp-json\/wp\/v2\/types\/page"}],"author":[{"embeddable":true,"href":"https:\/\/darc.ai\/es\/wp-json\/wp\/v2\/users\/10"}],"replies":[{"embeddable":true,"href":"https:\/\/darc.ai\/es\/wp-json\/wp\/v2\/comments?post=7097"}],"version-history":[{"count":8,"href":"https:\/\/darc.ai\/es\/wp-json\/wp\/v2\/pages\/7097\/revisions"}],"predecessor-version":[{"id":7106,"href":"https:\/\/darc.ai\/es\/wp-json\/wp\/v2\/pages\/7097\/revisions\/7106"}],"wp:attachment":[{"href":"https:\/\/darc.ai\/es\/wp-json\/wp\/v2\/media?parent=7097"}],"curies":[{"name":"wp","href":"https:\/\/api.w.org\/{rel}","templated":true}]}}